{"id":17,"date":"2013-10-25T11:10:39","date_gmt":"2013-10-25T11:10:39","guid":{"rendered":"http:\/\/udruga-lumen.hr\/?page_id=17"},"modified":"2021-05-17T18:30:26","modified_gmt":"2021-05-17T18:30:26","slug":"aktivnosti","status":"publish","type":"page","link":"https:\/\/udruga-lumen.hr\/en\/aktivnosti\/","title":{"rendered":"Activities"},"content":{"rendered":"<div class=\"wp-block-image is-style-rounded\"><figure class=\"aligncenter size-large\"><img loading=\"lazy\" decoding=\"async\" width=\"1024\" height=\"768\" src=\"http:\/\/udruga-lumen.hr\/wp-content\/uploads\/2021\/05\/20190523_215334-1024x768.jpg\" alt=\"\" class=\"wp-image-1276\" srcset=\"https:\/\/udruga-lumen.hr\/wp-content\/uploads\/2021\/05\/20190523_215334-1024x768.jpg 1024w, https:\/\/udruga-lumen.hr\/wp-content\/uploads\/2021\/05\/20190523_215334-scaled-600x450.jpg 600w, https:\/\/udruga-lumen.hr\/wp-content\/uploads\/2021\/05\/20190523_215334-470x353.jpg 470w, https:\/\/udruga-lumen.hr\/wp-content\/uploads\/2021\/05\/20190523_215334-768x576.jpg 768w, https:\/\/udruga-lumen.hr\/wp-content\/uploads\/2021\/05\/20190523_215334-1536x1152.jpg 1536w, https:\/\/udruga-lumen.hr\/wp-content\/uploads\/2021\/05\/20190523_215334-2048x1536.jpg 2048w, https:\/\/udruga-lumen.hr\/wp-content\/uploads\/2021\/05\/20190523_215334-140x105.jpg 140w\" sizes=\"auto, (max-width: 1024px) 100vw, 1024px\" \/><\/figure><\/div>\n\n\n\n<p><strong> <\/strong><span class=\"fontstyle0\" data-wp-editing=\"1\"><strong>LUMEN<\/strong> is actively participating in international activities from it&#8217;s beginning as member of Community of Technical Culture (Zajednica tehni\u010dke kulture) Ludbreg. Lumen&#8217;s members and volunteers help to organize and participated in technical contests (Amateur radio, Aero modelers, international school technical projects) and international exhibitions Night of technic. <\/span><\/p>\n\n\n\n<div class=\"wp-block-image is-style-rounded\"><figure class=\"aligncenter size-large is-resized\"><a href=\"http:\/\/udruga-lumen.hr\/wp-content\/uploads\/2021\/05\/106522166_2847463602147900_8904313299883785701_n.jpg\"><img loading=\"lazy\" decoding=\"async\" src=\"http:\/\/udruga-lumen.hr\/wp-content\/uploads\/2021\/05\/106522166_2847463602147900_8904313299883785701_n-1024x576.jpg\" alt=\"\" class=\"wp-image-1268\" width=\"535\" height=\"301\" srcset=\"https:\/\/udruga-lumen.hr\/wp-content\/uploads\/2021\/05\/106522166_2847463602147900_8904313299883785701_n-1024x576.jpg 1024w, https:\/\/udruga-lumen.hr\/wp-content\/uploads\/2021\/05\/106522166_2847463602147900_8904313299883785701_n-600x337.jpg 600w, https:\/\/udruga-lumen.hr\/wp-content\/uploads\/2021\/05\/106522166_2847463602147900_8904313299883785701_n-470x264.jpg 470w, https:\/\/udruga-lumen.hr\/wp-content\/uploads\/2021\/05\/106522166_2847463602147900_8904313299883785701_n-140x79.jpg 140w, https:\/\/udruga-lumen.hr\/wp-content\/uploads\/2021\/05\/106522166_2847463602147900_8904313299883785701_n-768x432.jpg 768w, https:\/\/udruga-lumen.hr\/wp-content\/uploads\/2021\/05\/106522166_2847463602147900_8904313299883785701_n-1536x863.jpg 1536w, https:\/\/udruga-lumen.hr\/wp-content\/uploads\/2021\/05\/106522166_2847463602147900_8904313299883785701_n.jpg 2048w\" sizes=\"auto, (max-width: 535px) 100vw, 535px\" \/><\/a><\/figure><\/div>\n\n\n\n<p><span class=\"fontstyle0\" data-wp-editing=\"1\">From 2005 members of Lumen organize annual international music festival Idemo otok which usually gathers around 500 young people with international performers and volunteers. Through 15 years of festival we had hosted 18 international performers and more than 30 volunteers from all around the world.<\/span><\/p>\n\n\n\n<div class=\"wp-block-image is-style-rounded\"><figure class=\"aligncenter is-resized\"><a href=\"http:\/\/udruga-lumen.hr\/en\/aktivnosti\/44265517_10214861997037960_7377325991305150464_n\/\" rel=\"attachment wp-att-1267\"><img loading=\"lazy\" decoding=\"async\" src=\"http:\/\/udruga-lumen.hr\/wp-content\/uploads\/2021\/05\/44265517_10214861997037960_7377325991305150464_n-470x314.jpg\" alt=\"\" class=\"wp-image-1267\" width=\"508\" height=\"339\" srcset=\"https:\/\/udruga-lumen.hr\/wp-content\/uploads\/2021\/05\/44265517_10214861997037960_7377325991305150464_n-470x314.jpg 470w, https:\/\/udruga-lumen.hr\/wp-content\/uploads\/2021\/05\/44265517_10214861997037960_7377325991305150464_n-600x401.jpg 600w, https:\/\/udruga-lumen.hr\/wp-content\/uploads\/2021\/05\/44265517_10214861997037960_7377325991305150464_n-1024x684.jpg 1024w, https:\/\/udruga-lumen.hr\/wp-content\/uploads\/2021\/05\/44265517_10214861997037960_7377325991305150464_n-768x513.jpg 768w, https:\/\/udruga-lumen.hr\/wp-content\/uploads\/2021\/05\/44265517_10214861997037960_7377325991305150464_n-1536x1026.jpg 1536w, https:\/\/udruga-lumen.hr\/wp-content\/uploads\/2021\/05\/44265517_10214861997037960_7377325991305150464_n-140x93.jpg 140w, https:\/\/udruga-lumen.hr\/wp-content\/uploads\/2021\/05\/44265517_10214861997037960_7377325991305150464_n.jpg 1710w\" sizes=\"auto, (max-width: 508px) 100vw, 508px\" \/><\/a><\/figure><\/div>\n\n\n\n<p> <span class=\"fontstyle0\"><br>In 2014 LUMEN became member of international network MasterPeace ( https:\/\/masterpeace.org\/ ) as umbrella organization for MasterPeace Croatia working on peacebuilding and conflict management through art with organizations from more than 60 countries. For our activities as partner in international Street art project &#8220;Walls of Connection&#8221; we were awarded with Global Peace Leadership &amp; Excellence awards from World Peace Congress in Mumbai, India. <\/span><\/p>\n\n\n\n<div class=\"wp-block-image is-style-rounded\"><figure class=\"aligncenter size-large is-resized\"><a href=\"http:\/\/udruga-lumen.hr\/wp-content\/uploads\/2021\/05\/13767171_1875647425996194_1488974937816779389_o.jpg\"><img loading=\"lazy\" decoding=\"async\" src=\"http:\/\/udruga-lumen.hr\/wp-content\/uploads\/2021\/05\/13767171_1875647425996194_1488974937816779389_o-1024x768.jpg\" alt=\"\" class=\"wp-image-1266\" width=\"564\" height=\"424\" srcset=\"https:\/\/udruga-lumen.hr\/wp-content\/uploads\/2021\/05\/13767171_1875647425996194_1488974937816779389_o-1024x768.jpg 1024w, https:\/\/udruga-lumen.hr\/wp-content\/uploads\/2021\/05\/13767171_1875647425996194_1488974937816779389_o-600x450.jpg 600w, https:\/\/udruga-lumen.hr\/wp-content\/uploads\/2021\/05\/13767171_1875647425996194_1488974937816779389_o-470x353.jpg 470w, https:\/\/udruga-lumen.hr\/wp-content\/uploads\/2021\/05\/13767171_1875647425996194_1488974937816779389_o-768x576.jpg 768w, https:\/\/udruga-lumen.hr\/wp-content\/uploads\/2021\/05\/13767171_1875647425996194_1488974937816779389_o-140x105.jpg 140w, https:\/\/udruga-lumen.hr\/wp-content\/uploads\/2021\/05\/13767171_1875647425996194_1488974937816779389_o.jpg 1368w\" sizes=\"auto, (max-width: 564px) 100vw, 564px\" \/><\/a><\/figure><\/div>\n\n\n\n<p><span class=\"fontstyle0\"><br>In 2019 and 2020 we were partners in Europe for citizens project Act for Liberty ( https:\/\/masterpeace.org\/act-for-liberty\/ ) in which participated more than 1000 young Europeans. On global annual MasterPeace bootcamps members of LUMEN participated, volunteered and presented activities on MasterPeace events held in Netherland, Tunisia, Colombia, Lebanon and Georgia. LUMENs volunteers participated in International festival of volunteers after Arab spring in Tunisia in 2012, helping and rebuilding surrounding area of city of Monastir and in 2019 our members participated in MasterPeace project and street art festival in Medellin, Colombia. Our accomplishments were also presented on Great Mind Meetings conferences in Utrecht and Mostar.<\/span><\/p>\n\n\n\n<p><\/p>\n\n\n\n<div class=\"wp-block-image is-style-rounded\"><figure class=\"aligncenter size-large is-resized\"><a href=\"http:\/\/udruga-lumen.hr\/wp-content\/uploads\/2021\/05\/20190525_233113-scaled.jpg\"><img loading=\"lazy\" decoding=\"async\" src=\"http:\/\/udruga-lumen.hr\/wp-content\/uploads\/2021\/05\/20190525_233113-1024x768.jpg\" alt=\"\" class=\"wp-image-1280\" width=\"584\" height=\"438\" srcset=\"https:\/\/udruga-lumen.hr\/wp-content\/uploads\/2021\/05\/20190525_233113-1024x768.jpg 1024w, https:\/\/udruga-lumen.hr\/wp-content\/uploads\/2021\/05\/20190525_233113-scaled-600x450.jpg 600w, https:\/\/udruga-lumen.hr\/wp-content\/uploads\/2021\/05\/20190525_233113-470x353.jpg 470w, https:\/\/udruga-lumen.hr\/wp-content\/uploads\/2021\/05\/20190525_233113-768x576.jpg 768w, https:\/\/udruga-lumen.hr\/wp-content\/uploads\/2021\/05\/20190525_233113-1536x1152.jpg 1536w, https:\/\/udruga-lumen.hr\/wp-content\/uploads\/2021\/05\/20190525_233113-2048x1536.jpg 2048w, https:\/\/udruga-lumen.hr\/wp-content\/uploads\/2021\/05\/20190525_233113-140x105.jpg 140w\" sizes=\"auto, (max-width: 584px) 100vw, 584px\" \/><\/a><\/figure><\/div>\n\n\n\n<p><span class=\"fontstyle0\"><br>In 2018 and 2019 Lumen was part of AIESEEC Global host programme. In that time we hosted 6 volunteers for 6 weeks<br>each from India, China, Canada and Tunisia. They helped with our regular activities and as volunteers in NGO Ludbre\u0161ko Sunce ( http:\/\/ludbresko-sunce.hr\/ ) for children and youth with special needs.<\/span><\/p>\n\n\n\n<div class=\"wp-block-image is-style-rounded\"><figure class=\"aligncenter size-large is-resized\"><a href=\"http:\/\/udruga-lumen.hr\/wp-content\/uploads\/2021\/05\/67195946_10157372082649111_3669108054651043840_n.jpg\"><img loading=\"lazy\" decoding=\"async\" src=\"http:\/\/udruga-lumen.hr\/wp-content\/uploads\/2021\/05\/67195946_10157372082649111_3669108054651043840_n-1024x828.jpg\" alt=\"\" class=\"wp-image-1282\" width=\"600\" height=\"485\" srcset=\"https:\/\/udruga-lumen.hr\/wp-content\/uploads\/2021\/05\/67195946_10157372082649111_3669108054651043840_n-1024x828.jpg 1024w, https:\/\/udruga-lumen.hr\/wp-content\/uploads\/2021\/05\/67195946_10157372082649111_3669108054651043840_n-600x485.jpg 600w, https:\/\/udruga-lumen.hr\/wp-content\/uploads\/2021\/05\/67195946_10157372082649111_3669108054651043840_n-470x380.jpg 470w, https:\/\/udruga-lumen.hr\/wp-content\/uploads\/2021\/05\/67195946_10157372082649111_3669108054651043840_n-768x621.jpg 768w, https:\/\/udruga-lumen.hr\/wp-content\/uploads\/2021\/05\/67195946_10157372082649111_3669108054651043840_n-140x113.jpg 140w, https:\/\/udruga-lumen.hr\/wp-content\/uploads\/2021\/05\/67195946_10157372082649111_3669108054651043840_n.jpg 1080w\" sizes=\"auto, (max-width: 600px) 100vw, 600px\" \/><\/a><\/figure><\/div>\n\n\n\n<p><span class=\"fontstyle0\"><br>Members of Lumen are actively participating in Youth in Action \/ ERASMUS+ program since 2011. Since then we had been partners in more than 70 KA1 projects in around 40 countries and have organized 5 financed youth exchanges and one training course in Ludbreg, Croatia. Lumen has also as partner experienced KA2 Transnational Youth Initiatives &#8220;Forgotten treasures&#8221; and Europe for Citizens project Act for Liberty. Our volunteers and young members actively participated in the projects and made big impact on their local communities. Through this activities we have made substantial network of organizations we cooperate with. Also through MasterPeace network we have connected with more than 60 organizations and some of them will be also partners in this project. With some organizations we closely cooperate more than six years and our professional network in some cases turned into long lasting friendship. As we finished our volunteer center we plan to get Quality label and start hosting volunteers in 2022.<\/span><\/p>\n\n\n\n<div class=\"wp-block-image is-style-rounded\"><figure class=\"aligncenter size-large\"><a href=\"http:\/\/udruga-lumen.hr\/wp-content\/uploads\/2021\/05\/25535_380652529110_3869404_n.jpg\"><img loading=\"lazy\" decoding=\"async\" width=\"640\" height=\"480\" src=\"http:\/\/udruga-lumen.hr\/wp-content\/uploads\/2021\/05\/25535_380652529110_3869404_n.jpg\" alt=\"\" class=\"wp-image-1283\" srcset=\"https:\/\/udruga-lumen.hr\/wp-content\/uploads\/2021\/05\/25535_380652529110_3869404_n.jpg 640w, https:\/\/udruga-lumen.hr\/wp-content\/uploads\/2021\/05\/25535_380652529110_3869404_n-600x450.jpg 600w, https:\/\/udruga-lumen.hr\/wp-content\/uploads\/2021\/05\/25535_380652529110_3869404_n-470x353.jpg 470w, https:\/\/udruga-lumen.hr\/wp-content\/uploads\/2021\/05\/25535_380652529110_3869404_n-140x105.jpg 140w\" sizes=\"auto, (max-width: 640px) 100vw, 640px\" \/><\/a><\/figure><\/div>\n\n\n\n<p><span class=\"fontstyle0\">Ludbre\u0161ka udruga mladih entuzijasta (LUMEN) is also initiator and was organizer for some time of &#8220;Let&#8217;s do it world&#8221;<br>(Zelena \u010distka) ecological activities in Ludbreg area which included more than 70 volunteers which were cleaning<br>environment. During regular activities between 2009 till now on Youth Island on river Bednja Lumen has organized building benches, fixing bridges, cleaning and realizing projects for actively reviving this forgotten part of the city. <\/span><\/p>\n\n\n\n<div class=\"wp-block-image is-style-rounded\"><figure class=\"aligncenter size-large is-resized\"><a href=\"http:\/\/udruga-lumen.hr\/wp-content\/uploads\/2021\/05\/11120902_10153324891439111_4485828684121476538_n.jpg\"><img loading=\"lazy\" decoding=\"async\" src=\"http:\/\/udruga-lumen.hr\/wp-content\/uploads\/2021\/05\/11120902_10153324891439111_4485828684121476538_n.jpg\" alt=\"\" class=\"wp-image-1284\" width=\"643\" height=\"426\" srcset=\"https:\/\/udruga-lumen.hr\/wp-content\/uploads\/2021\/05\/11120902_10153324891439111_4485828684121476538_n.jpg 960w, https:\/\/udruga-lumen.hr\/wp-content\/uploads\/2021\/05\/11120902_10153324891439111_4485828684121476538_n-600x399.jpg 600w, https:\/\/udruga-lumen.hr\/wp-content\/uploads\/2021\/05\/11120902_10153324891439111_4485828684121476538_n-470x312.jpg 470w, https:\/\/udruga-lumen.hr\/wp-content\/uploads\/2021\/05\/11120902_10153324891439111_4485828684121476538_n-768x510.jpg 768w, https:\/\/udruga-lumen.hr\/wp-content\/uploads\/2021\/05\/11120902_10153324891439111_4485828684121476538_n-140x93.jpg 140w\" sizes=\"auto, (max-width: 643px) 100vw, 643px\" \/><\/a><\/figure><\/div>\n\n\n\n<p><span class=\"fontstyle0\">LUMEN is also regularly organizing weekly workshops on which we have always active local volunteers and include local youth with fewer opportunities. Together with City of Ludbreg from 2015 to 2020 we realized projects Youth as active participants (http:\/\/udruga-lumen.hr\/projekt-mladi-kao-aktivni-akteri\/blog-mladi-kao-aktivni-akteri\/ ) and Local youth program ( http:\/\/udrugalumen.hr\/lokalni-program-za-mlade-grada-ludbrega\/ ) financed by Croatian Ministry of social politics and youth. We happy share our experience and knowledge so we help and cooperate with regional and Croatian NGOs like Ludbre\u0161ko Sunce from Ludbreg, Udruga Kopriva from Koprivnica, VUK from Vara\u017edin, Stara \u0160kola from Novi Marof and CeZaM from \u010cakovec. As member of Croatian Youth Networks (MMH) we participate in their activities with other Croatian youth organizations. We have long lasting cooperation with local schools as partner through different activities, like building Sensory park for elementary school students and organizing TEDxYouth conference in Highschool (Gimnazija Fran Galovi\u0107) in Koprivnica. Through Street Art activities we have made 6 artistic murals in Ludbreg on the walls around center.<\/span><\/p>\n\n\n\n<div class=\"wp-block-image is-style-rounded\"><figure class=\"aligncenter size-large is-resized\"><a href=\"http:\/\/udruga-lumen.hr\/wp-content\/uploads\/2021\/05\/63757943_10157296768444111_6317044521796370432_n.jpg\"><img loading=\"lazy\" decoding=\"async\" src=\"http:\/\/udruga-lumen.hr\/wp-content\/uploads\/2021\/05\/63757943_10157296768444111_6317044521796370432_n-1024x683.jpg\" alt=\"\" class=\"wp-image-1285\" width=\"681\" height=\"454\" srcset=\"https:\/\/udruga-lumen.hr\/wp-content\/uploads\/2021\/05\/63757943_10157296768444111_6317044521796370432_n-1024x683.jpg 1024w, https:\/\/udruga-lumen.hr\/wp-content\/uploads\/2021\/05\/63757943_10157296768444111_6317044521796370432_n-600x400.jpg 600w, https:\/\/udruga-lumen.hr\/wp-content\/uploads\/2021\/05\/63757943_10157296768444111_6317044521796370432_n-470x313.jpg 470w, https:\/\/udruga-lumen.hr\/wp-content\/uploads\/2021\/05\/63757943_10157296768444111_6317044521796370432_n-768x512.jpg 768w, https:\/\/udruga-lumen.hr\/wp-content\/uploads\/2021\/05\/63757943_10157296768444111_6317044521796370432_n-1536x1024.jpg 1536w, https:\/\/udruga-lumen.hr\/wp-content\/uploads\/2021\/05\/63757943_10157296768444111_6317044521796370432_n-140x93.jpg 140w, https:\/\/udruga-lumen.hr\/wp-content\/uploads\/2021\/05\/63757943_10157296768444111_6317044521796370432_n.jpg 1728w\" sizes=\"auto, (max-width: 681px) 100vw, 681px\" \/><\/a><\/figure><\/div>\n\n\n\n<p><\/p>\n\n\n\n<p><span class=\"fontstyle0\"><br>Through all of our activities we are promoting values of European union, Erasmus+ program and inclusivity of young<br>people with fewer opportunities.<\/span> <\/p>\n\n\n\n<p><\/p>","protected":false},"excerpt":{"rendered":"<p>LUMEN is actively participating in international activities from it&#8217;s beginning as member of Community of Technical Culture (Zajednica tehni\u010dke kulture) Ludbreg. Lumen&#8217;s members and volunteers help to organize and participated in technical contests (Amateur radio, Aero modelers, international school technical projects) and international exhibitions Night of technic. From 2005 members of Lumen organize annual international music festival Idemo otok which [&hellip;]<\/p>\n","protected":false},"author":1,"featured_media":1273,"parent":0,"menu_order":0,"comment_status":"closed","ping_status":"open","template":"","meta":{"footnotes":""},"class_list":["post-17","page","type-page","status-publish","has-post-thumbnail","hentry"],"_links":{"self":[{"href":"https:\/\/udruga-lumen.hr\/en\/wp-json\/wp\/v2\/pages\/17","targetHints":{"allow":["GET"]}}],"collection":[{"href":"https:\/\/udruga-lumen.hr\/en\/wp-json\/wp\/v2\/pages"}],"about":[{"href":"https:\/\/udruga-lumen.hr\/en\/wp-json\/wp\/v2\/types\/page"}],"author":[{"embeddable":true,"href":"https:\/\/udruga-lumen.hr\/en\/wp-json\/wp\/v2\/users\/1"}],"replies":[{"embeddable":true,"href":"https:\/\/udruga-lumen.hr\/en\/wp-json\/wp\/v2\/comments?post=17"}],"version-history":[{"count":18,"href":"https:\/\/udruga-lumen.hr\/en\/wp-json\/wp\/v2\/pages\/17\/revisions"}],"predecessor-version":[{"id":1287,"href":"https:\/\/udruga-lumen.hr\/en\/wp-json\/wp\/v2\/pages\/17\/revisions\/1287"}],"wp:featuredmedia":[{"embeddable":true,"href":"https:\/\/udruga-lumen.hr\/en\/wp-json\/wp\/v2\/media\/1273"}],"wp:attachment":[{"href":"https:\/\/udruga-lumen.hr\/en\/wp-json\/wp\/v2\/media?parent=17"}],"curies":[{"name":"wp","href":"https:\/\/api.w.org\/{rel}","templated":true}]}}