{"id":19,"date":"2013-10-25T11:11:43","date_gmt":"2013-10-25T11:11:43","guid":{"rendered":"http:\/\/udruga-lumen.hr\/?page_id=19"},"modified":"2021-06-09T13:00:47","modified_gmt":"2021-06-09T13:00:47","slug":"mladi-na-djelu","status":"publish","type":"page","link":"https:\/\/udruga-lumen.hr\/en\/mladi-na-djelu\/","title":{"rendered":"ERASMUS+  2014.-2020."},"content":{"rendered":"<figure class=\"wp-block-image size-large is-resized\"><a href=\"http:\/\/udruga-lumen.hr\/wp-content\/uploads\/2021\/05\/collage.jpg\"><img loading=\"lazy\" decoding=\"async\" src=\"http:\/\/udruga-lumen.hr\/wp-content\/uploads\/2021\/05\/collage-1024x828.jpg\" alt=\"\" class=\"wp-image-1228\" width=\"489\" height=\"395\" srcset=\"https:\/\/udruga-lumen.hr\/wp-content\/uploads\/2021\/05\/collage-1024x828.jpg 1024w, https:\/\/udruga-lumen.hr\/wp-content\/uploads\/2021\/05\/collage-600x485.jpg 600w, https:\/\/udruga-lumen.hr\/wp-content\/uploads\/2021\/05\/collage-470x380.jpg 470w, https:\/\/udruga-lumen.hr\/wp-content\/uploads\/2021\/05\/collage-768x621.jpg 768w, https:\/\/udruga-lumen.hr\/wp-content\/uploads\/2021\/05\/collage-1536x1243.jpg 1536w, https:\/\/udruga-lumen.hr\/wp-content\/uploads\/2021\/05\/collage-140x113.jpg 140w, https:\/\/udruga-lumen.hr\/wp-content\/uploads\/2021\/05\/collage.jpg 1602w\" sizes=\"auto, (max-width: 489px) 100vw, 489px\" \/><\/a><\/figure>\n\n\n<div class=\"sadrzaj_naslov_nar\"><span class=\"fontstyle0\">LUMEN is actively participating in Youth in Action \/ ERASMUS+ program since 2011. Since then we had been<br \/>partners in more than 70 KA1 projects in around 40 countries and have organized 5 financed youth exchanges and one<br \/>training course in Ludbreg, Croatia. Lumen has also as partner experienced KA2 Transnational Youth Initiatives &#8220;Forgotten treasures&#8221; and Europe for Citizens project Act for Liberty. Our volunteers and young members actively participated in the projects and made big impact on their local communities. Through this activities we have made substantial network of organizations we cooperate with. Also through MasterPeace network we have connected with more than 60 organizations and some of them will be also partners in this project. With some organizations we closely cooperate more than six years and our professional network in some cases turned into long lasting friendship. As we finished our volunteer center we plan to get Quality label and start hosting volunteers in 2022.<br \/><br \/>Ludbre\u0161ka udruga mladih entuzijasta (LUMEN) is also initiator and was organizer for some time of &#8220;Let&#8217;s do it world&#8221;<br \/>(Zelena \u010distka) ecological activities in Ludbreg area which included more than 70 volunteers which were cleaning<br \/>environment. During regular activities between 2009 till now on Youth Island on river Bednja Lumen has organized building benches, fixing bridges, cleaning and realizing projects for actively reviving this forgotten part of the city. LUMEN is also regularly organizing weekly workshops on which we have always active local volunteers and include local youth with fewer opportunities. Together with City of Ludbreg from 2015 to 2020 we realized projects Youth as active participants (http:\/\/ udruga-lumen.hr\/projekt-mladi-kao-aktivni-akteri\/blog-mladi-kao-aktivni-akteri\/ ) and Local youth program ( http:\/\/udrugalumen.hr\/lokalni-program-za-mlade-grada-ludbrega\/ ) financed by Croatian Ministry of social politics and youth. We happy share our experience and knowledge so we help and cooperate with regional and Croatian NGOs like Ludbre\u0161ko Sunce from Ludbreg, Udruga Kopriva from Koprivnica, VUK from Vara\u017edin, Stara \u0160kola from Novi Marof and CeZaM from \u010cakovec. As member of Croatian Youth Networks (MMH) we participate in their activities with other Croatian youth organizations. We have long lasting cooperation with local schools as partner through different activities, like building Sensory park for elementary school students and organizing TEDxYouth conference in Highschool (Gimnazija Fran Galovi\u0107) in Koprivnica. Through Street Art activities we have made 6 artistic murals in Ludbreg on the walls around center.<br \/>Through all of our activities we are promoting values of European union, Erasmus+ program and inclusivity of young<br \/>people with fewer opportunities.<\/span> <\/div>\n\n\n<figure class=\"wp-block-image size-large\"><a href=\"http:\/\/udruga-lumen.hr\/wp-content\/uploads\/2021\/05\/erasmusplus-logo-all-en-300dpi-1.jpg\"><img loading=\"lazy\" decoding=\"async\" width=\"1024\" height=\"415\" src=\"http:\/\/udruga-lumen.hr\/wp-content\/uploads\/2021\/05\/erasmusplus-logo-all-en-300dpi-1-1024x415.jpg\" alt=\"\" class=\"wp-image-1237\" srcset=\"https:\/\/udruga-lumen.hr\/wp-content\/uploads\/2021\/05\/erasmusplus-logo-all-en-300dpi-1-1024x415.jpg 1024w, https:\/\/udruga-lumen.hr\/wp-content\/uploads\/2021\/05\/erasmusplus-logo-all-en-300dpi-1-600x243.jpg 600w, https:\/\/udruga-lumen.hr\/wp-content\/uploads\/2021\/05\/erasmusplus-logo-all-en-300dpi-1-470x190.jpg 470w, https:\/\/udruga-lumen.hr\/wp-content\/uploads\/2021\/05\/erasmusplus-logo-all-en-300dpi-1-768x311.jpg 768w, https:\/\/udruga-lumen.hr\/wp-content\/uploads\/2021\/05\/erasmusplus-logo-all-en-300dpi-1-140x57.jpg 140w, https:\/\/udruga-lumen.hr\/wp-content\/uploads\/2021\/05\/erasmusplus-logo-all-en-300dpi-1.jpg 1042w\" sizes=\"auto, (max-width: 1024px) 100vw, 1024px\" \/><\/a><\/figure>\n\n\n\n<figure class=\"wp-block-image size-large\"><a href=\"http:\/\/udruga-lumen.hr\/wp-content\/uploads\/2021\/06\/image.png\"><img loading=\"lazy\" decoding=\"async\" width=\"1024\" height=\"477\" src=\"http:\/\/udruga-lumen.hr\/wp-content\/uploads\/2021\/06\/image-1024x477.png\" alt=\"\" class=\"wp-image-1372\" srcset=\"https:\/\/udruga-lumen.hr\/wp-content\/uploads\/2021\/06\/image-1024x477.png 1024w, https:\/\/udruga-lumen.hr\/wp-content\/uploads\/2021\/06\/image-600x279.png 600w, https:\/\/udruga-lumen.hr\/wp-content\/uploads\/2021\/06\/image-470x219.png 470w, https:\/\/udruga-lumen.hr\/wp-content\/uploads\/2021\/06\/image-768x358.png 768w, https:\/\/udruga-lumen.hr\/wp-content\/uploads\/2021\/06\/image-140x65.png 140w, https:\/\/udruga-lumen.hr\/wp-content\/uploads\/2021\/06\/image.png 1089w\" sizes=\"auto, (max-width: 1024px) 100vw, 1024px\" \/><\/a><\/figure>\n\n\n\n<p><\/p>","protected":false},"excerpt":{"rendered":"<p>LUMEN is actively participating in Youth in Action \/ ERASMUS+ program since 2011. Since then we had beenpartners in more than 70 KA1 projects in around 40 countries and have organized 5 financed youth exchanges and onetraining course in Ludbreg, Croatia. Lumen has also as partner experienced KA2 Transnational Youth Initiatives &#8220;Forgotten treasures&#8221; and Europe for Citizens project Act for [&hellip;]<\/p>\n","protected":false},"author":1,"featured_media":0,"parent":0,"menu_order":0,"comment_status":"closed","ping_status":"open","template":"page-templates\/fullwidth.php","meta":{"footnotes":""},"class_list":["post-19","page","type-page","status-publish","hentry"],"_links":{"self":[{"href":"https:\/\/udruga-lumen.hr\/en\/wp-json\/wp\/v2\/pages\/19","targetHints":{"allow":["GET"]}}],"collection":[{"href":"https:\/\/udruga-lumen.hr\/en\/wp-json\/wp\/v2\/pages"}],"about":[{"href":"https:\/\/udruga-lumen.hr\/en\/wp-json\/wp\/v2\/types\/page"}],"author":[{"embeddable":true,"href":"https:\/\/udruga-lumen.hr\/en\/wp-json\/wp\/v2\/users\/1"}],"replies":[{"embeddable":true,"href":"https:\/\/udruga-lumen.hr\/en\/wp-json\/wp\/v2\/comments?post=19"}],"version-history":[{"count":8,"href":"https:\/\/udruga-lumen.hr\/en\/wp-json\/wp\/v2\/pages\/19\/revisions"}],"predecessor-version":[{"id":1375,"href":"https:\/\/udruga-lumen.hr\/en\/wp-json\/wp\/v2\/pages\/19\/revisions\/1375"}],"wp:attachment":[{"href":"https:\/\/udruga-lumen.hr\/en\/wp-json\/wp\/v2\/media?parent=19"}],"curies":[{"name":"wp","href":"https:\/\/api.w.org\/{rel}","templated":true}]}}