{"id":21,"date":"2013-10-25T11:11:58","date_gmt":"2013-10-25T11:11:58","guid":{"rendered":"http:\/\/udruga-lumen.hr\/?page_id=21"},"modified":"2021-05-12T20:13:46","modified_gmt":"2021-05-12T20:13:46","slug":"donacije-i-sponzorstva","status":"publish","type":"page","link":"https:\/\/udruga-lumen.hr\/en\/donacije-i-sponzorstva\/","title":{"rendered":"Donations"},"content":{"rendered":"<p>Obveznici poreza na dobit mogu u svoje rashode poslovanja, koji im umanjuju osnovicu poreza, uklju\u010diti darovanja u naravi ili u novcu dana u kulturne, znanstvene, odgojno-obrazovne, zdravstvene, humanitarne, \u0161portske, vjerske i druge svrhe, udrugama i drugim osobama koje ove djelatnosti obavljaju u skladu s posebnim propisima,&nbsp;<b>do visine 2% ukupnog prihoda ostvarenog u prethodnoj kalendarskoj<\/b>&nbsp;<b>godini.&nbsp;<\/b>Obveznici porez na dohodak mogu, po osnovu danih darovanja za neprofitne namjene, pove\u0107ati svoj osobni odbitak (osobni odbitak je neoporezivi dio dohotka) za iznose danih darovanja, ali najvi\u0161e do 2% ukupnih primitaka ostvarenih u prethodnoj kalendarskoj godini. Porezna olak\u0161ica pri davanju donacija propisana je ne samo za pravne i fizi\u010dke osobe koje obavljaju gospodarsku djelatnost, ve\u0107 i za sve fizi\u010dke osobe nezavisno iz kojeg izvora ostvaruju dohodak. Tako npr. osoba koja ostvaruje dohodak samo temeljem radnog odnosa, a tijekom godine daruje za neku od nabrojanih neprofitnih namjena, mo\u017ee podno\u0161enjem godi\u0161nje prijave poreza na dohodak ostvariti pravo na pove\u0107ani osobni odbitak za svotu izdatka za darovanja te tako umanjiti poreznu osnovicu.<\/p>","protected":false},"excerpt":{"rendered":"<p>Obveznici poreza na dobit mogu u svoje rashode poslovanja, koji im umanjuju osnovicu poreza, uklju\u010diti darovanja u naravi ili u novcu dana u kulturne, znanstvene, odgojno-obrazovne, zdravstvene, humanitarne, \u0161portske, vjerske i druge svrhe, udrugama i drugim osobama koje ove djelatnosti obavljaju u skladu s posebnim propisima,&nbsp;do visine 2% ukupnog prihoda ostvarenog u prethodnoj kalendarskoj&nbsp;godini.&nbsp;Obveznici porez na dohodak mogu, po osnovu [&hellip;]<\/p>\n","protected":false},"author":1,"featured_media":0,"parent":0,"menu_order":0,"comment_status":"closed","ping_status":"open","template":"page-templates\/fullwidth.php","meta":{"footnotes":""},"class_list":["post-21","page","type-page","status-publish","hentry"],"_links":{"self":[{"href":"https:\/\/udruga-lumen.hr\/en\/wp-json\/wp\/v2\/pages\/21","targetHints":{"allow":["GET"]}}],"collection":[{"href":"https:\/\/udruga-lumen.hr\/en\/wp-json\/wp\/v2\/pages"}],"about":[{"href":"https:\/\/udruga-lumen.hr\/en\/wp-json\/wp\/v2\/types\/page"}],"author":[{"embeddable":true,"href":"https:\/\/udruga-lumen.hr\/en\/wp-json\/wp\/v2\/users\/1"}],"replies":[{"embeddable":true,"href":"https:\/\/udruga-lumen.hr\/en\/wp-json\/wp\/v2\/comments?post=21"}],"version-history":[{"count":4,"href":"https:\/\/udruga-lumen.hr\/en\/wp-json\/wp\/v2\/pages\/21\/revisions"}],"predecessor-version":[{"id":1213,"href":"https:\/\/udruga-lumen.hr\/en\/wp-json\/wp\/v2\/pages\/21\/revisions\/1213"}],"wp:attachment":[{"href":"https:\/\/udruga-lumen.hr\/en\/wp-json\/wp\/v2\/media?parent=21"}],"curies":[{"name":"wp","href":"https:\/\/api.w.org\/{rel}","templated":true}]}}