{"id":379,"date":"2015-04-09T14:03:57","date_gmt":"2015-04-09T14:03:57","guid":{"rendered":"http:\/\/udruga-lumen.hr\/?page_id=379"},"modified":"2021-05-12T20:13:47","modified_gmt":"2021-05-12T20:13:47","slug":"tyi-forgotten-treasure","status":"publish","type":"page","link":"https:\/\/udruga-lumen.hr\/en\/tyi-forgotten-treasure\/","title":{"rendered":"TYI &#8220;Forgotten treasure&#8221;"},"content":{"rendered":"<h1 class=\"naglowek\">Forgotten treasure &#8211; Let&#8217;s discover it<\/h1>\n<p><img decoding=\"async\" class=\"przyleganie1\" src=\"http:\/\/tgy-forgottentreasure.prv.pl\/wp-content\/themes\/tribune\/images\/projekt\/plakat.png\" alt=\"\"><\/p>\n<p class=\"pierw\">Transnacionalna Inicijativa Mladih Zaboravljeno blago \u2013 Otkrijmo ih! je projekt koji vodi organizacija iz Poljske &#8211; koordinator, te partneri iz Hrvatske, Ma\u0111arske i Litve. Sudionici su mladi ljudi u dobi od 15 do 30 godina. Oni su studenti i volonteri, i oni su motivirani napraviti neke promjene u svom mjestu stanovanja, kako bi saznali nove sadr\u017eaje i nau\u010dili cijeniti stvari koje su oko njih, ali su do sada bile nezapa\u017eene od strane ve\u0107ine ljudi.<\/p>\n<p><img loading=\"lazy\" decoding=\"async\" class=\"przyleganie2 alignleft\" src=\"http:\/\/rejurhf.xlx.pl\/wp-content\/themes\/tribune\/images\/main_logo.png\" alt=\"\" width=\"212\" height=\"211\"><\/p>\n<p>Glavni cilj ovog projekta je poticanje na aktivnosti u lokalnoj zajednici, me\u0111u mladima iz ruralnih ili nerazvijenim podru\u010djima. Projekt \u0107e donijeti nekoliko rezultata: web stranice s prikupljenih podataka o &#8220;blagu&#8221; &#8211; kao \u0161to su opis i fotografije, izlo\u017eba s rezultatima projekta i plakata za promicanje inicijative.<\/p>\n<p>Mladi \u0107e tra\u017eiti jedinstvena mjesta, predmete koji su skriveni, zaboravljeni i \u010dlanovi tima \u0107e ih otkriti i promovirati uz pomo\u0107 online alata \u2013 Web stranica.<\/p>\n<p>Ovaj projekt mo\u017ee imati veliki utjecaj na mlade koji su uklju\u010deni u organizacijama i isto tako, cijeloj lokalnoj zajednici. Svi oni \u0107e unaprijediti svoje znanje o povijesti i okoli\u0161u od odabranog podru\u010dja, a ono \u0161to je va\u017eno, oni mogu prona\u0107i informacije o mnogim novim atrakcijama na internetskoj stranici projekta na nekoliko jezika.<\/p>\n<p>Odr\u017eati \u0107e se dva transnacionalna projektna sastanka za mlade tijekom ove inicijative. To \u0107e biti prilika za njih da upoznaju jedni druge, saznaju \u0161to njihovi partneri misle o projektu, kako \u0107e oni raditi za postizanje ciljeva i oni mogu razmijeniti mi\u0161ljenje, iskustvo i ideje vezane uz projekt.<\/p>\n<p>Projekt \u0107e donijeti korist za sve sudionike &#8211; poput novih vje\u0161tina, osobni razvoj &#8211; od mladih i osoblja organizacije, postavljanja novih veza, pobolj\u0161anja promocije regijama, uvid o lokalna pitanja iz me\u0111unarodne perspektive.<\/p>\n<p>Za detalje pogledajte na web stranici projekta:&nbsp;<a href=\"http:\/\/tgy-forgottentreasure.prv.pl\/cr_project\/\">http:\/\/tgy-forgottentreasure.prv.pl\/cr_project\/<\/a><\/p>","protected":false},"excerpt":{"rendered":"<p>Forgotten treasure &#8211; Let&#8217;s discover it Transnacionalna Inicijativa Mladih Zaboravljeno blago \u2013 Otkrijmo ih! je projekt koji vodi organizacija iz Poljske &#8211; koordinator, te partneri iz Hrvatske, Ma\u0111arske i Litve. Sudionici su mladi ljudi u dobi od 15 do 30 godina. Oni su studenti i volonteri, i oni su motivirani napraviti neke promjene u svom mjestu stanovanja, kako bi saznali [&hellip;]<\/p>\n","protected":false},"author":1,"featured_media":0,"parent":0,"menu_order":0,"comment_status":"closed","ping_status":"open","template":"page-templates\/fullwidth.php","meta":{"footnotes":""},"class_list":["post-379","page","type-page","status-publish","hentry"],"_links":{"self":[{"href":"https:\/\/udruga-lumen.hr\/en\/wp-json\/wp\/v2\/pages\/379","targetHints":{"allow":["GET"]}}],"collection":[{"href":"https:\/\/udruga-lumen.hr\/en\/wp-json\/wp\/v2\/pages"}],"about":[{"href":"https:\/\/udruga-lumen.hr\/en\/wp-json\/wp\/v2\/types\/page"}],"author":[{"embeddable":true,"href":"https:\/\/udruga-lumen.hr\/en\/wp-json\/wp\/v2\/users\/1"}],"replies":[{"embeddable":true,"href":"https:\/\/udruga-lumen.hr\/en\/wp-json\/wp\/v2\/comments?post=379"}],"version-history":[{"count":3,"href":"https:\/\/udruga-lumen.hr\/en\/wp-json\/wp\/v2\/pages\/379\/revisions"}],"predecessor-version":[{"id":1062,"href":"https:\/\/udruga-lumen.hr\/en\/wp-json\/wp\/v2\/pages\/379\/revisions\/1062"}],"wp:attachment":[{"href":"https:\/\/udruga-lumen.hr\/en\/wp-json\/wp\/v2\/media?parent=379"}],"curies":[{"name":"wp","href":"https:\/\/api.w.org\/{rel}","templated":true}]}}