{"id":476,"date":"2016-09-05T08:49:10","date_gmt":"2016-09-05T08:49:10","guid":{"rendered":"http:\/\/udruga-lumen.hr\/?page_id=476"},"modified":"2021-05-12T20:13:47","modified_gmt":"2021-05-12T20:13:47","slug":"monomyths-communication-tools-for-ngos-start-ups","status":"publish","type":"page","link":"https:\/\/udruga-lumen.hr\/en\/monomyths-communication-tools-for-ngos-start-ups\/","title":{"rendered":"Monomyths: Communication tools for NGOs &#038; Start-ups"},"content":{"rendered":"<p>\u010clanovi udruge LUMEN su zajedno uz jo\u0161 dvadeset mladih predstavnika udruga iz Europske unije proveli tjedan na europskom projektu o komunikaciji i brendingu za neprofitni sektor. Radionica \u201eMonomyths: communication tools for NGOs and start-ups\u201c rumunjske udruge Monomyths je zajedno sa partnerskim organizacijama bila financirana od strane programa ERASMUS+. Cilj ovih radionica je bio stvoriti plaformu za komunikaciju i diseminaciju resursa kod me\u0111unarodnog rada organizacija civilnog sektora.<\/p>\n<p>Izme\u0111u 1. i 7. rujna 2016. godine predstavnici 8 europskih udruga civilnog dru\u0161tva iz Poljske, Italije, Cipra, Gr\u010dke, Latvije, Estonije, Hrvatske i Rumunjske je kroz metode neformalne edukacije nau\u010dilo kako krojiti svoje digitalne pri\u010de koje \u0107e imati utjecaj na njihovu zajednicu i komunikacijske mehanizme, te su identificirali i nau\u010dili nove alate koje mogu koristiti unutar svojih organizacija ili malih tvrtki.<\/p>\n<p>&#8212;<\/p>\n<p>Bucharest, 1<sup>st<\/sup> September 2016. 24 European youngsters passionate about communication and branding to experiment for seven days new storytelling tools and techniques adapted to the non-for-profit sector. Monomyths Association workshop is funded by Erasmus + and is part of the &#8220;Monomyths: communication tools for NGOs and start-ups&#8221; which primarily aims to create a platform of communication and dissemination resources for international not-for-profit organizations.<\/p>\n<p>Between 1st and 7th September, representatives of eight not-for-profit organizations from Poland, Italy, Cyprus, Greece, Latvia, Estonia, Croatia and Romania will learn through non-formal education methods to tailor digital stories impacting their community, exchange communication mechanisms and identify new tools that they can use within their NGO\u2019s or when developing their own business.<\/p>\n<p>\u201eIn 2011, starting from a real need, we shaped in Romania the first international communication project for not-for-profit sector based solely on non-formal education. After 5 years in which the team I work with has guided over 40 European and Romanian NGO\u2019s, we have launched a not-for-profit organization that advises young people working within communications departments of youth organizations or others that run social enterprises projects&#8221; said Emilia Radu, president of the Monomyths Association.<\/p>\n<p>International Storytelling workshop is part of the &#8220;Monomyths: communication tools for NGOs and start-ups&#8221;, carried out from June 2016 to January 2017. The project&#8217;s main objective is to create a European platform connecting communication professionals and provide them with resources, non-formal education methods aimed at developing skills in youth media, digital tools and examples of best practice in this area.<\/p>\n<p>&#8220;Often, youth organizations do not have the organizational capacity to work with advertising or public relations agencies to promote their interventions and social projects. For that reason, visibility efforts and activity dissemination have a low impact and do not reach their target audience. The workshop we are implementing is just one of the means by which our team can train new professionals specialized in communication for the not-for-profit sector. Also, in this way we can encourage NGO\u2019s to invest more energy and creativity in their communication campaigns\u201d, Emilia Radu added.<\/p>\n<p>The particularity of Monomyths association workshops is that briefs and participant interactions are tailored to meet the needs of partner organizations and develop a positive attitude about storytelling \u2013 a bridge between not-for-profit organizations, startup community, donors, partners, active citizens, public institutions and volunteers.<\/p>\n<p><a href=\"http:\/\/udruga-lumen.hr\/en\/monomyths-communication-tools-for-ngos-start-ups\/14249974_1110632662358137_8976356831219573865_o\/\" rel=\"attachment wp-att-487\"><img loading=\"lazy\" decoding=\"async\" class=\"alignleft size-medium wp-image-487\" src=\"http:\/\/udruga-lumen.hr\/wp-content\/uploads\/2016\/09\/14249974_1110632662358137_8976356831219573865_o-470x313.jpg\" alt=\"14249974_1110632662358137_8976356831219573865_o\" width=\"470\" height=\"313\" srcset=\"https:\/\/udruga-lumen.hr\/wp-content\/uploads\/2016\/09\/14249974_1110632662358137_8976356831219573865_o-470x313.jpg 470w, https:\/\/udruga-lumen.hr\/wp-content\/uploads\/2016\/09\/14249974_1110632662358137_8976356831219573865_o-600x400.jpg 600w, https:\/\/udruga-lumen.hr\/wp-content\/uploads\/2016\/09\/14249974_1110632662358137_8976356831219573865_o-768x512.jpg 768w, https:\/\/udruga-lumen.hr\/wp-content\/uploads\/2016\/09\/14249974_1110632662358137_8976356831219573865_o-1024x683.jpg 1024w, https:\/\/udruga-lumen.hr\/wp-content\/uploads\/2016\/09\/14249974_1110632662358137_8976356831219573865_o.jpg 2048w\" sizes=\"auto, (max-width: 470px) 100vw, 470px\" \/><\/a> <a href=\"http:\/\/udruga-lumen.hr\/en\/monomyths-communication-tools-for-ngos-start-ups\/14125643_1106316809456389_5329971694448764493_o\/\" rel=\"attachment wp-att-488\"><img loading=\"lazy\" decoding=\"async\" class=\"alignleft size-medium wp-image-488\" src=\"http:\/\/udruga-lumen.hr\/wp-content\/uploads\/2016\/09\/14125643_1106316809456389_5329971694448764493_o-470x313.jpg\" alt=\"14125643_1106316809456389_5329971694448764493_o\" width=\"470\" height=\"313\" srcset=\"https:\/\/udruga-lumen.hr\/wp-content\/uploads\/2016\/09\/14125643_1106316809456389_5329971694448764493_o-470x313.jpg 470w, https:\/\/udruga-lumen.hr\/wp-content\/uploads\/2016\/09\/14125643_1106316809456389_5329971694448764493_o-600x400.jpg 600w, https:\/\/udruga-lumen.hr\/wp-content\/uploads\/2016\/09\/14125643_1106316809456389_5329971694448764493_o-768x512.jpg 768w, https:\/\/udruga-lumen.hr\/wp-content\/uploads\/2016\/09\/14125643_1106316809456389_5329971694448764493_o-1024x683.jpg 1024w, https:\/\/udruga-lumen.hr\/wp-content\/uploads\/2016\/09\/14125643_1106316809456389_5329971694448764493_o.jpg 2048w\" sizes=\"auto, (max-width: 470px) 100vw, 470px\" \/><\/a> <a href=\"http:\/\/udruga-lumen.hr\/en\/monomyths-communication-tools-for-ngos-start-ups\/14138033_1106315896123147_7389887777988846193_o\/\" rel=\"attachment wp-att-489\"><img loading=\"lazy\" decoding=\"async\" class=\"alignleft size-medium wp-image-489\" src=\"http:\/\/udruga-lumen.hr\/wp-content\/uploads\/2016\/09\/14138033_1106315896123147_7389887777988846193_o-470x313.jpg\" alt=\"14138033_1106315896123147_7389887777988846193_o\" width=\"470\" height=\"313\" srcset=\"https:\/\/udruga-lumen.hr\/wp-content\/uploads\/2016\/09\/14138033_1106315896123147_7389887777988846193_o-470x313.jpg 470w, https:\/\/udruga-lumen.hr\/wp-content\/uploads\/2016\/09\/14138033_1106315896123147_7389887777988846193_o-600x400.jpg 600w, https:\/\/udruga-lumen.hr\/wp-content\/uploads\/2016\/09\/14138033_1106315896123147_7389887777988846193_o-768x512.jpg 768w, https:\/\/udruga-lumen.hr\/wp-content\/uploads\/2016\/09\/14138033_1106315896123147_7389887777988846193_o-1024x683.jpg 1024w, https:\/\/udruga-lumen.hr\/wp-content\/uploads\/2016\/09\/14138033_1106315896123147_7389887777988846193_o.jpg 2048w\" sizes=\"auto, (max-width: 470px) 100vw, 470px\" \/><\/a> <a href=\"http:\/\/udruga-lumen.hr\/en\/monomyths-communication-tools-for-ngos-start-ups\/14203266_10208915330733272_4365576030449945546_n\/\" rel=\"attachment wp-att-490\"><img loading=\"lazy\" decoding=\"async\" class=\"alignleft size-medium wp-image-490\" src=\"http:\/\/udruga-lumen.hr\/wp-content\/uploads\/2016\/09\/14203266_10208915330733272_4365576030449945546_n-470x264.jpg\" alt=\"14203266_10208915330733272_4365576030449945546_n\" width=\"470\" height=\"264\" srcset=\"https:\/\/udruga-lumen.hr\/wp-content\/uploads\/2016\/09\/14203266_10208915330733272_4365576030449945546_n-470x264.jpg 470w, https:\/\/udruga-lumen.hr\/wp-content\/uploads\/2016\/09\/14203266_10208915330733272_4365576030449945546_n-600x337.jpg 600w, https:\/\/udruga-lumen.hr\/wp-content\/uploads\/2016\/09\/14203266_10208915330733272_4365576030449945546_n-140x80.jpg 140w, https:\/\/udruga-lumen.hr\/wp-content\/uploads\/2016\/09\/14203266_10208915330733272_4365576030449945546_n-768x431.jpg 768w, https:\/\/udruga-lumen.hr\/wp-content\/uploads\/2016\/09\/14203266_10208915330733272_4365576030449945546_n.jpg 960w\" sizes=\"auto, (max-width: 470px) 100vw, 470px\" \/><\/a><\/p>","protected":false},"excerpt":{"rendered":"<p>\u010clanovi udruge LUMEN su zajedno uz jo\u0161 dvadeset mladih predstavnika udruga iz Europske unije proveli tjedan na europskom projektu o komunikaciji i brendingu za neprofitni sektor. Radionica \u201eMonomyths: communication tools for NGOs and start-ups\u201c rumunjske udruge Monomyths je zajedno sa partnerskim organizacijama bila financirana od strane programa ERASMUS+. Cilj ovih radionica je bio stvoriti plaformu za komunikaciju i diseminaciju resursa [&hellip;]<\/p>\n","protected":false},"author":1,"featured_media":0,"parent":0,"menu_order":0,"comment_status":"closed","ping_status":"closed","template":"page-templates\/fullwidth.php","meta":{"footnotes":""},"class_list":["post-476","page","type-page","status-publish","hentry"],"_links":{"self":[{"href":"https:\/\/udruga-lumen.hr\/en\/wp-json\/wp\/v2\/pages\/476","targetHints":{"allow":["GET"]}}],"collection":[{"href":"https:\/\/udruga-lumen.hr\/en\/wp-json\/wp\/v2\/pages"}],"about":[{"href":"https:\/\/udruga-lumen.hr\/en\/wp-json\/wp\/v2\/types\/page"}],"author":[{"embeddable":true,"href":"https:\/\/udruga-lumen.hr\/en\/wp-json\/wp\/v2\/users\/1"}],"replies":[{"embeddable":true,"href":"https:\/\/udruga-lumen.hr\/en\/wp-json\/wp\/v2\/comments?post=476"}],"version-history":[{"count":5,"href":"https:\/\/udruga-lumen.hr\/en\/wp-json\/wp\/v2\/pages\/476\/revisions"}],"predecessor-version":[{"id":492,"href":"https:\/\/udruga-lumen.hr\/en\/wp-json\/wp\/v2\/pages\/476\/revisions\/492"}],"wp:attachment":[{"href":"https:\/\/udruga-lumen.hr\/en\/wp-json\/wp\/v2\/media?parent=476"}],"curies":[{"name":"wp","href":"https:\/\/api.w.org\/{rel}","templated":true}]}}