{"id":95,"date":"2014-12-12T15:41:13","date_gmt":"2014-12-12T15:41:13","guid":{"rendered":"http:\/\/udruga-lumen.hr\/?page_id=95"},"modified":"2021-05-12T20:13:47","modified_gmt":"2021-05-12T20:13:47","slug":"projekt-mladi-kao-aktivni-akteri","status":"publish","type":"page","link":"https:\/\/udruga-lumen.hr\/en\/projekt-mladi-kao-aktivni-akteri\/","title":{"rendered":"Projekt &#8220;Mladi kao aktivni akteri&#8221;"},"content":{"rendered":"<p><a href=\"http:\/\/udruga-lumen.hr\/wp-content\/uploads\/2014\/12\/Logo_1.jpg\"><img loading=\"lazy\" decoding=\"async\" class=\"aligncenter wp-image-175 size-large\" src=\"http:\/\/udruga-lumen.hr\/wp-content\/uploads\/2014\/12\/Logo_1-1024x768.jpg\" alt=\"Logo_1\" width=\"720\" height=\"540\" srcset=\"https:\/\/udruga-lumen.hr\/wp-content\/uploads\/2014\/12\/Logo_1-1024x768.jpg 1024w, https:\/\/udruga-lumen.hr\/wp-content\/uploads\/2014\/12\/Logo_1-470x353.jpg 470w, https:\/\/udruga-lumen.hr\/wp-content\/uploads\/2014\/12\/Logo_1.jpg 1280w\" sizes=\"auto, (max-width: 720px) 100vw, 720px\" \/><\/a><\/p>\n<p>&nbsp;<\/p>\n<p>&nbsp;<\/p>\n<p>Grad Ludbreg je 3. prosinca 2014. godine zapo\u010deo s provedbom projekta \u201eMladi na podru\u010dju Grada Ludbrega kao aktivni, informirani, dru\u0161tveno, politi\u010dki odgovorni akteri\u201c koji je financiran od strane Ministarstva socijalne politike i mladih u okviru prioritetnog podru\u010dja \u201e Lokalni programi za mlade\u201c.<br \/>\nNositelj projekta je Grad Ludbreg a partneri na projektu su Lumen, ludbre\u0161ka udruga mladih entuzijasta i Srednja \u0161kola Ludbreg. U svojstvu pridru\u017eenog suradnika u implementaciji projektnih aktivnosti sudjelovat \u0107e Pu\u010dko otvoreno u\u010dili\u0161te.<br \/>\nProjekt \u0107e biti implementiran u vremenskom razdoblju od \u010detiri mjeseca i podijeljen je u \u010detiri radna paketa dok potrebna financijska sredstva za njegovu efektivnu implementaciju iznose 40.000,00 kn. Ono \u0161to valja napomenuti je da \u0107e Ministarstvo socijalne politike i mladih ovaj projekt financirati u 100 postotnom iznosu.<\/p>\n<p>Dodatni materijali:<\/p>\n<p><a href=\"http:\/\/ludbreg.hr\/wp-content\/uploads\/2014\/12\/Mladi-Grad-Ludbreg.docx\">Odr\u017ean 1. radni sastanak<\/a><br \/>\n<a href=\"http:\/\/ludbreg.hr\/wp-content\/uploads\/2014\/12\/Planer-aktivnosti-za-12.-i-1.-mjesec.doc\">Planer aktivnosti za 12. i 1. mjesec<\/a><\/p>\n<div class=\"divider_line\"><a href=\"http:\/\/ludbreg.hr\/wp-content\/uploads\/2014\/12\/Kratki-opis-projetka.docx\" target=\"_blank\" rel=\"noopener\">Kratki opis projetka<\/a><\/div>\n<p><a href=\"http:\/\/ludbreg.hr\/wp-content\/uploads\/2014\/12\/GanttChart-logo.pdf\" target=\"_blank\" rel=\"noopener\">Gantogram<\/a><br \/>\n<a href=\"http:\/\/ludbreg.hr\/wp-content\/uploads\/2015\/01\/UPITNIK.docx\">UPITNIK<\/a><\/p>\n<p><a href=\"http:\/\/ludbreg.hr\/wp-content\/uploads\/2015\/01\/Sazetak-projekta-za-javnost.doc\">Sazetak projekta za javnost<\/a><\/p>\n<p><a href=\"http:\/\/ludbreg.hr\/wp-content\/uploads\/2015\/01\/Lista-prijedloga-i-kritika-2-verzija.doc\">Lista prijedloga i kritika 2 verzija<\/a><\/p>\n<p><a href=\"http:\/\/ludbreg.hr\/wp-content\/uploads\/2015\/01\/LISTA-ideja.doc\">LISTA ideja<\/a><\/p>\n<p><a href=\"http:\/\/udruga-lumen.hr\/en\/projekt-mladi-kao-aktivni-akteri\/blog-mladi-kao-aktivni-akteri\/\">BLOG<\/a><\/p>\n<p><a href=\"http:\/\/udruga-lumen.hr\/en\/galerija\/\">GALERIJA<\/p>\n<p><\/a><a href=\"http:\/\/udruga-lumen.hr\/wp-content\/uploads\/2014\/12\/footer.png\"><img loading=\"lazy\" decoding=\"async\" class=\"size-large wp-image-178 aligncenter\" src=\"http:\/\/udruga-lumen.hr\/wp-content\/uploads\/2014\/12\/footer-1024x119.png\" alt=\"footer\" width=\"720\" height=\"84\" srcset=\"https:\/\/udruga-lumen.hr\/wp-content\/uploads\/2014\/12\/footer-1024x119.png 1024w, https:\/\/udruga-lumen.hr\/wp-content\/uploads\/2014\/12\/footer-470x55.png 470w, https:\/\/udruga-lumen.hr\/wp-content\/uploads\/2014\/12\/footer.png 1234w\" sizes=\"auto, (max-width: 720px) 100vw, 720px\" \/><\/a><a href=\"http:\/\/udruga-lumen.hr\/en\/galerija\/\"><br \/>\n<\/a><\/p>","protected":false},"excerpt":{"rendered":"<p>&nbsp; &nbsp; Grad Ludbreg je 3. prosinca 2014. godine zapo\u010deo s provedbom projekta \u201eMladi na podru\u010dju Grada Ludbrega kao aktivni, informirani, dru\u0161tveno, politi\u010dki odgovorni akteri\u201c koji je financiran od strane Ministarstva socijalne politike i mladih u okviru prioritetnog podru\u010dja \u201e Lokalni programi za mlade\u201c. Nositelj projekta je Grad Ludbreg a partneri na projektu su Lumen, ludbre\u0161ka udruga mladih entuzijasta i [&hellip;]<\/p>\n","protected":false},"author":1,"featured_media":0,"parent":0,"menu_order":0,"comment_status":"closed","ping_status":"open","template":"page-templates\/fullwidth.php","meta":{"footnotes":""},"class_list":["post-95","page","type-page","status-publish","hentry"],"_links":{"self":[{"href":"https:\/\/udruga-lumen.hr\/en\/wp-json\/wp\/v2\/pages\/95","targetHints":{"allow":["GET"]}}],"collection":[{"href":"https:\/\/udruga-lumen.hr\/en\/wp-json\/wp\/v2\/pages"}],"about":[{"href":"https:\/\/udruga-lumen.hr\/en\/wp-json\/wp\/v2\/types\/page"}],"author":[{"embeddable":true,"href":"https:\/\/udruga-lumen.hr\/en\/wp-json\/wp\/v2\/users\/1"}],"replies":[{"embeddable":true,"href":"https:\/\/udruga-lumen.hr\/en\/wp-json\/wp\/v2\/comments?post=95"}],"version-history":[{"count":9,"href":"https:\/\/udruga-lumen.hr\/en\/wp-json\/wp\/v2\/pages\/95\/revisions"}],"predecessor-version":[{"id":1176,"href":"https:\/\/udruga-lumen.hr\/en\/wp-json\/wp\/v2\/pages\/95\/revisions\/1176"}],"wp:attachment":[{"href":"https:\/\/udruga-lumen.hr\/en\/wp-json\/wp\/v2\/media?parent=95"}],"curies":[{"name":"wp","href":"https:\/\/api.w.org\/{rel}","templated":true}]}}